{"id":14,"date":"2015-07-28T21:49:55","date_gmt":"2015-07-28T19:49:55","guid":{"rendered":"http:\/\/www.agrar-haslach.at\/Agrargemeinschaft\/?page_id=14"},"modified":"2015-09-06T12:31:34","modified_gmt":"2015-09-06T10:31:34","slug":"home","status":"publish","type":"page","link":"https:\/\/www.agrar-haslach.at\/Agrargemeinschaft\/","title":{"rendered":""},"content":{"rendered":"<h2 style=\"text-align: right;\">\u00a0.<\/h2>\n<p style=\"text-align: justify;\"><strong>Die B\u00e4ume sollten durch ihr Leben lehren, stets hundert Jahre zur\u00fcck und hundert Jahre voraus zu denken. Auch dereinst wird man hundert Jahre zur\u00fcckdenken und \u00fcber unsere Zeit nicht nach naheliegenden Entschuldigungen, sondern nach den erfolgten Handlungen urteilen.<br \/>\n<\/strong>J.N. K\u00f6stle<br \/>\n<img loading=\"lazy\" decoding=\"async\" class=\"aligncenter size-full wp-image-12\" src=\"https:\/\/www.agrar-haslach.at\/Agrargemeinschaft\/wp-content\/uploads\/2015\/07\/Wald.jpg\" alt=\"Wald\" width=\"1000\" height=\"667\" srcset=\"https:\/\/www.agrar-haslach.at\/Agrargemeinschaft\/wp-content\/uploads\/2015\/07\/Wald.jpg 1000w, https:\/\/www.agrar-haslach.at\/Agrargemeinschaft\/wp-content\/uploads\/2015\/07\/Wald-300x200.jpg 300w\" sizes=\"(max-width: 1000px) 100vw, 1000px\" \/><\/p>\n","protected":false},"excerpt":{"rendered":"<p>\u00a0. Die B\u00e4ume sollten durch ihr Leben lehren, stets hundert Jahre zur\u00fcck und hundert Jahre voraus zu denken. Auch dereinst wird man hundert Jahre zur\u00fcckdenken&hellip; <\/p>\n<p class=\"text-center\"><a href=\"https:\/\/www.agrar-haslach.at\/Agrargemeinschaft\/\" class=\"more-link\">Continue reading &rarr; <span class=\"screen-reader-text\"><\/span><\/a><\/p>\n","protected":false},"author":1,"featured_media":0,"parent":0,"menu_order":0,"comment_status":"closed","ping_status":"closed","template":"","meta":{"footnotes":""},"class_list":["post-14","page","type-page","status-publish","hentry"],"_links":{"self":[{"href":"https:\/\/www.agrar-haslach.at\/Agrargemeinschaft\/wp-json\/wp\/v2\/pages\/14"}],"collection":[{"href":"https:\/\/www.agrar-haslach.at\/Agrargemeinschaft\/wp-json\/wp\/v2\/pages"}],"about":[{"href":"https:\/\/www.agrar-haslach.at\/Agrargemeinschaft\/wp-json\/wp\/v2\/types\/page"}],"author":[{"embeddable":true,"href":"https:\/\/www.agrar-haslach.at\/Agrargemeinschaft\/wp-json\/wp\/v2\/users\/1"}],"replies":[{"embeddable":true,"href":"https:\/\/www.agrar-haslach.at\/Agrargemeinschaft\/wp-json\/wp\/v2\/comments?post=14"}],"version-history":[{"count":20,"href":"https:\/\/www.agrar-haslach.at\/Agrargemeinschaft\/wp-json\/wp\/v2\/pages\/14\/revisions"}],"predecessor-version":[{"id":144,"href":"https:\/\/www.agrar-haslach.at\/Agrargemeinschaft\/wp-json\/wp\/v2\/pages\/14\/revisions\/144"}],"wp:attachment":[{"href":"https:\/\/www.agrar-haslach.at\/Agrargemeinschaft\/wp-json\/wp\/v2\/media?parent=14"}],"curies":[{"name":"wp","href":"https:\/\/api.w.org\/{rel}","templated":true}]}}