{"id":51,"date":"2015-07-29T13:35:48","date_gmt":"2015-07-29T11:35:48","guid":{"rendered":"http:\/\/www.agrar-haslach.at\/Agrargemeinschaft\/?page_id=51"},"modified":"2015-07-29T19:15:08","modified_gmt":"2015-07-29T17:15:08","slug":"entstehung","status":"publish","type":"page","link":"https:\/\/www.agrar-haslach.at\/Agrargemeinschaft\/entstehung\/","title":{"rendered":"Entstehung"},"content":{"rendered":"<h5>Die Agrargemeinschaft Haslach seit 1680.<\/h5>\n<p style=\"text-align: justify;\">&#8222;Die Waldungen um Haslach stehen den B\u00fcrgern von Haslach zur Nutzung zu&#8220; Dieser bemerkenswerte Satz steht im Urbar, als Wilhelm von Rosenberg 1599 sein Haslacher Lehen an das Erzbistum Passau zur\u00fcckgab. 1663 kaufte das Stift Schl\u00e4gl von den Passauern Haslach und \u00fcbernimmt damit Gerichtsbarkeit und Lehensherrschaft.<\/p>\n<p style=\"text-align: justify;\">Nach dem verheerenden Brand 1680, bei dem 49 H\u00e4user nieder brannten, kauften die 126 Haslacher B\u00fcrger am 9. September vom Stift Schl\u00e4gl die W\u00e4lder rund um Haslach. Mit der Gr\u00fcndung der B\u00fcrgerkommune wurde im September 1680 ein wirksames St\u00fctzsystem f\u00fcr die Haslacher B\u00fcrger und deren Lebensraum geschaffen.<\/p>\n<p style=\"text-align: justify;\">Die Rolle der B\u00fcrgerkommune Haslach als dominierender Wirtschaftsfaktor l\u00e4sst sich beispielsweise an der Gr\u00fcndung der Sparkasse der Marktkommune Haslach 1874, an der Errichtung und dem Betrieb eines Ziegelstadels in Lichtenau sowie an der Kommunebrauerei Haslach zwischen 1680 und 1923 ablesen.<\/p>\n<p style=\"text-align: justify;\">Im Ziegelstadel in Lichtenau, heute Haus Nr. 11, wurden Ziegel f\u00fcr die unterschiedlichen Bauvorhaben in Haslach und Umgebung gebrannt. Im Franziskanischen Kataster von 1826 ist diese Fl\u00e4che mit dem Flurnamen Ziegelstatt\u00e4cker eingetragen. 1885 scheint diese Ziegelproduktionsst\u00e4tte unter Jaukenberg 16, B\u00e4renholz 10, KG Haslach 670 im Grundbuch im Besitz der Marktkommune Haslach auf.<\/p>\n<p style=\"text-align: justify;\">Zum geringen Einkommen als Kleingewerbebetriebe oder Fabrikarbeiter unterhielt beinahe jedes Haus in Haslach auch eine Kleinlandwirtschaft. F\u00fcr den wichtigen und die Existenz sichernden Nachwuchs im Rinderstall sorgte der Kommunestier. Der Kommunestierhalter musst ausreichend Platz im eignen Stall haben und im Umgang mit dem kr\u00e4ftigen Stier erfahren sein. Dem mutigen Stierhalter stand daf\u00fcr die Nutzung der Stierwiese im Uferbereich der Gro\u00dfen M\u00fchl zur Verf\u00fcgung. Heute spielen hier die Haslacher Tennis.<\/p>\n<p>Heute stellt sich die Agrargemeinschaft Haslach als reiner Forstbetrieb mit Eigenjagd dar.<\/p>\n","protected":false},"excerpt":{"rendered":"<p>Die Agrargemeinschaft Haslach seit 1680. &#8222;Die Waldungen um Haslach stehen den B\u00fcrgern von Haslach zur Nutzung zu&#8220; Dieser bemerkenswerte Satz steht im Urbar, als Wilhelm&hellip; <\/p>\n<p class=\"text-center\"><a href=\"https:\/\/www.agrar-haslach.at\/Agrargemeinschaft\/entstehung\/\" class=\"more-link\">Continue reading &rarr; <span class=\"screen-reader-text\">Entstehung<\/span><\/a><\/p>\n","protected":false},"author":1,"featured_media":0,"parent":0,"menu_order":2,"comment_status":"closed","ping_status":"closed","template":"","meta":{"footnotes":""},"class_list":["post-51","page","type-page","status-publish","hentry"],"_links":{"self":[{"href":"https:\/\/www.agrar-haslach.at\/Agrargemeinschaft\/wp-json\/wp\/v2\/pages\/51"}],"collection":[{"href":"https:\/\/www.agrar-haslach.at\/Agrargemeinschaft\/wp-json\/wp\/v2\/pages"}],"about":[{"href":"https:\/\/www.agrar-haslach.at\/Agrargemeinschaft\/wp-json\/wp\/v2\/types\/page"}],"author":[{"embeddable":true,"href":"https:\/\/www.agrar-haslach.at\/Agrargemeinschaft\/wp-json\/wp\/v2\/users\/1"}],"replies":[{"embeddable":true,"href":"https:\/\/www.agrar-haslach.at\/Agrargemeinschaft\/wp-json\/wp\/v2\/comments?post=51"}],"version-history":[{"count":2,"href":"https:\/\/www.agrar-haslach.at\/Agrargemeinschaft\/wp-json\/wp\/v2\/pages\/51\/revisions"}],"predecessor-version":[{"id":103,"href":"https:\/\/www.agrar-haslach.at\/Agrargemeinschaft\/wp-json\/wp\/v2\/pages\/51\/revisions\/103"}],"wp:attachment":[{"href":"https:\/\/www.agrar-haslach.at\/Agrargemeinschaft\/wp-json\/wp\/v2\/media?parent=51"}],"curies":[{"name":"wp","href":"https:\/\/api.w.org\/{rel}","templated":true}]}}