{"id":54,"date":"2015-07-29T13:37:53","date_gmt":"2015-07-29T11:37:53","guid":{"rendered":"http:\/\/www.agrar-haslach.at\/Agrargemeinschaft\/?page_id=54"},"modified":"2015-07-29T14:15:24","modified_gmt":"2015-07-29T12:15:24","slug":"der-schatz-am-ekartsberg","status":"publish","type":"page","link":"https:\/\/www.agrar-haslach.at\/Agrargemeinschaft\/der-schatz-am-ekartsberg\/","title":{"rendered":"Der Schatz am Ekartsberg"},"content":{"rendered":"<p><a href=\"https:\/\/www.agrar-haslach.at\/Agrargemeinschaft\/wp-content\/uploads\/2015\/07\/LUN.png\"><img loading=\"lazy\" decoding=\"async\" class=\"aligncenter size-full wp-image-56\" src=\"https:\/\/www.agrar-haslach.at\/Agrargemeinschaft\/wp-content\/uploads\/2015\/07\/LUN.png\" alt=\"LUN\" width=\"648\" height=\"351\" srcset=\"https:\/\/www.agrar-haslach.at\/Agrargemeinschaft\/wp-content\/uploads\/2015\/07\/LUN.png 648w, https:\/\/www.agrar-haslach.at\/Agrargemeinschaft\/wp-content\/uploads\/2015\/07\/LUN-300x163.png 300w\" sizes=\"(max-width: 648px) 100vw, 648px\" \/><\/a><\/p>\n<p style=\"text-align: justify;\">Die Agrargemeinschaft Haslach bem\u00fcht sich um eine naturnahe\u00a0Waldbewirtschaftung, insbesondere um die F\u00f6rderung von Mischw\u00e4ldern.<br \/>\nDer Ekartsberg, auch &#8222;Tanzboden&#8220; genannt, ist mit 751 Metern der markante\u00a0Hausberg von Haslach an der M\u00fchl. Es ranken sich Geschichten von geheimen\u00a0Sch\u00e4tzen, Hexent\u00e4nzen und Irrwurzeln um diesen Berg. Die W\u00e4lder dort sind\u00a0Gemeinschaftsbesitz der Haslacher Bev\u00f6lkerung. Anl\u00e4sslich des 330-Jahr-Jubil\u00e4ums\u00a0der Markt-Commune beschloss man, sich um die Erhaltung und Entwicklung dieses\u00a0\u00f6kologisch wertvollen Gebietes zu bem\u00fchen. Am S\u00fcd-West-Hang zieht sich vom\u00a0Gipfel abw\u00e4rts ein eindrucksvoller Blockstrom aus kristallinen Felsen. Dieser\u00a0Waldbereich war immer schon schwer zu bewirtschaften und so erhielten sich dort\u00a0wertvolle \u00f6kologische Strukturen. Die Agrargemeinschaft Haslach entschloss sich,\u00a0dieses 2,5 Hektar gro\u00dfe Gebiet au\u00dfer Nutzung zu stellen und die dortige\u00a0Strukturvielfalt zu erhalten und zu verbessern. Drei ausgewiesene Spechtb\u00e4ume und\u00a0das im Wald belassene Totholz sind Lebensgrundlage f\u00fcr eine Reihe von\u00a0Organismen. Beobachtet wurden unter anderem Schwarzspecht, Haselhuhn, Dachs,\u00a0Uhu, Schwefelflechte und Moose.<br \/>\nBei der Verwirklichung der Idee stellte sich heraus, dass der Tanzboden ein\u00a0wertvoller Lebensraum ist, wo durch einfache Ma\u00dfnahmen der \u00f6kologische und\u00a0landschafts\u00e4sthetische Wert gesteigert werden kann und wo die Erhaltung sehr\u00a0wesentlich ist f\u00fcr die regionale und lokale Identit\u00e4t der Menschen.<\/p>\n","protected":false},"excerpt":{"rendered":"<p>Die Agrargemeinschaft Haslach bem\u00fcht sich um eine naturnahe\u00a0Waldbewirtschaftung, insbesondere um die F\u00f6rderung von Mischw\u00e4ldern. Der Ekartsberg, auch &#8222;Tanzboden&#8220; genannt, ist mit 751 Metern der markante\u00a0Hausberg&hellip; <\/p>\n<p class=\"text-center\"><a href=\"https:\/\/www.agrar-haslach.at\/Agrargemeinschaft\/der-schatz-am-ekartsberg\/\" class=\"more-link\">Continue reading &rarr; <span class=\"screen-reader-text\">Der Schatz am Ekartsberg<\/span><\/a><\/p>\n","protected":false},"author":1,"featured_media":0,"parent":0,"menu_order":4,"comment_status":"closed","ping_status":"closed","template":"","meta":{"footnotes":""},"class_list":["post-54","page","type-page","status-publish","hentry"],"_links":{"self":[{"href":"https:\/\/www.agrar-haslach.at\/Agrargemeinschaft\/wp-json\/wp\/v2\/pages\/54"}],"collection":[{"href":"https:\/\/www.agrar-haslach.at\/Agrargemeinschaft\/wp-json\/wp\/v2\/pages"}],"about":[{"href":"https:\/\/www.agrar-haslach.at\/Agrargemeinschaft\/wp-json\/wp\/v2\/types\/page"}],"author":[{"embeddable":true,"href":"https:\/\/www.agrar-haslach.at\/Agrargemeinschaft\/wp-json\/wp\/v2\/users\/1"}],"replies":[{"embeddable":true,"href":"https:\/\/www.agrar-haslach.at\/Agrargemeinschaft\/wp-json\/wp\/v2\/comments?post=54"}],"version-history":[{"count":4,"href":"https:\/\/www.agrar-haslach.at\/Agrargemeinschaft\/wp-json\/wp\/v2\/pages\/54\/revisions"}],"predecessor-version":[{"id":59,"href":"https:\/\/www.agrar-haslach.at\/Agrargemeinschaft\/wp-json\/wp\/v2\/pages\/54\/revisions\/59"}],"wp:attachment":[{"href":"https:\/\/www.agrar-haslach.at\/Agrargemeinschaft\/wp-json\/wp\/v2\/media?parent=54"}],"curies":[{"name":"wp","href":"https:\/\/api.w.org\/{rel}","templated":true}]}}